{"id":27,"date":"2023-03-07T12:10:17","date_gmt":"2023-03-07T12:10:17","guid":{"rendered":"https:\/\/www.lotharroewer.de\/?page_id=27"},"modified":"2023-03-08T11:53:29","modified_gmt":"2023-03-08T11:53:29","slug":"kontakt-impressum","status":"publish","type":"page","link":"https:\/\/www.lotharroewer.de\/?page_id=27","title":{"rendered":"Kontakt-Impressum"},"content":{"rendered":"<p>[et_pb_section fb_built=&#8220;1&#8243; _builder_version=&#8220;4.19.5&#8243; _module_preset=&#8220;default&#8220; global_colors_info=&#8220;{}&#8220;][et_pb_row _builder_version=&#8220;4.19.5&#8243; _module_preset=&#8220;default&#8220; global_colors_info=&#8220;{}&#8220;][et_pb_column type=&#8220;4_4&#8243; _builder_version=&#8220;4.19.5&#8243; _module_preset=&#8220;default&#8220; global_colors_info=&#8220;{}&#8220;][et_pb_text _builder_version=&#8220;4.20.1&#8243; _module_preset=&#8220;default&#8220; hover_enabled=&#8220;0&#8243; global_colors_info=&#8220;{}&#8220; sticky_enabled=&#8220;0&#8243;]<\/p>\n<p>Diese Seite wird privat betrieben von:<\/p>\n<p>Lothar R\u00f6wer<\/p>\n<p>Zeppelinstra\u00dfe 12<br \/>49076 Osnabr\u00fcck<\/p>\n<p>+49 173 1397111<\/p>\n<p><a href=\"http:\/\/www.lotharroewer.de\">www.lotharroewer.de<\/a><br \/><a href=\"mailto:lothar-roewer@roewer.de\">lothar-roewer@roewer.de<\/a><\/p>\n<p>[\/et_pb_text][\/et_pb_column][\/et_pb_row][\/et_pb_section]<\/p>\n","protected":false},"excerpt":{"rendered":"<p>Diese Seite wird privat betrieben von: Lothar R\u00f6wer Zeppelinstra\u00dfe 1249076 Osnabr\u00fcck +49 173 1397111 www.lotharroewer.delothar-roewer@roewer.de<\/p>\n","protected":false},"author":1,"featured_media":0,"parent":0,"menu_order":0,"comment_status":"closed","ping_status":"closed","template":"","meta":{"_et_pb_use_builder":"on","_et_pb_old_content":"","_et_gb_content_width":"","footnotes":""},"class_list":["post-27","page","type-page","status-publish","hentry"],"_links":{"self":[{"href":"https:\/\/www.lotharroewer.de\/index.php?rest_route=\/wp\/v2\/pages\/27","targetHints":{"allow":["GET"]}}],"collection":[{"href":"https:\/\/www.lotharroewer.de\/index.php?rest_route=\/wp\/v2\/pages"}],"about":[{"href":"https:\/\/www.lotharroewer.de\/index.php?rest_route=\/wp\/v2\/types\/page"}],"author":[{"embeddable":true,"href":"https:\/\/www.lotharroewer.de\/index.php?rest_route=\/wp\/v2\/users\/1"}],"replies":[{"embeddable":true,"href":"https:\/\/www.lotharroewer.de\/index.php?rest_route=%2Fwp%2Fv2%2Fcomments&post=27"}],"version-history":[{"count":6,"href":"https:\/\/www.lotharroewer.de\/index.php?rest_route=\/wp\/v2\/pages\/27\/revisions"}],"predecessor-version":[{"id":47,"href":"https:\/\/www.lotharroewer.de\/index.php?rest_route=\/wp\/v2\/pages\/27\/revisions\/47"}],"wp:attachment":[{"href":"https:\/\/www.lotharroewer.de\/index.php?rest_route=%2Fwp%2Fv2%2Fmedia&parent=27"}],"curies":[{"name":"wp","href":"https:\/\/api.w.org\/{rel}","templated":true}]}}