{"id":10,"date":"2023-03-07T11:48:25","date_gmt":"2023-03-07T11:48:25","guid":{"rendered":"https:\/\/www.lotharroewer.de\/?page_id=10"},"modified":"2023-03-08T11:53:58","modified_gmt":"2023-03-08T11:53:58","slug":"lothar-roewer","status":"publish","type":"page","link":"https:\/\/www.lotharroewer.de\/","title":{"rendered":"Lothar R\u00f6wer"},"content":{"rendered":"<p>[et_pb_section fb_built=&#8220;1&#8243; admin_label=&#8220;LR Welcome&#8220; _builder_version=&#8220;4.19.5&#8243; collapsed=&#8220;off&#8220; global_colors_info=&#8220;{}&#8220;][et_pb_row column_structure=&#8220;1_4,3_4&#8243; _builder_version=&#8220;4.19.5&#8243; global_colors_info=&#8220;{}&#8220;][et_pb_column type=&#8220;1_4&#8243; _builder_version=&#8220;4.19.5&#8243; global_colors_info=&#8220;{}&#8220;][et_pb_image src=&#8220;https:\/\/www.lotharroewer.de\/wp-content\/uploads\/2023\/03\/lothar_roewer.jpg&#8220; title_text=&#8220;lothar_roewer&#8220; _builder_version=&#8220;4.20.0&#8243; global_colors_info=&#8220;{}&#8220;][\/et_pb_image][et_pb_text _builder_version=&#8220;4.20.1&#8243; hover_enabled=&#8220;0&#8243; global_colors_info=&#8220;{}&#8220; sticky_enabled=&#8220;0&#8243;]<\/p>\n<p><strong>Lothar R\u00f6wer<\/strong><\/p>\n<p>Zeppelinstra\u00dfe 12<br \/>49076 Osnabr\u00fcck<br \/>+49 173 1397111<br \/>Deutschland<\/p>\n<p><a href=\"http:\/\/www.lotharroewer.de\">www.lotharroewer.de<\/a><br \/><a href=\"mailto:lothar-roewer@roewer.de\">lothar-roewer@roewer.de<\/a><\/p>\n<p>[\/et_pb_text][\/et_pb_column][et_pb_column type=&#8220;3_4&#8243; _builder_version=&#8220;4.19.5&#8243; global_colors_info=&#8220;{}&#8220;][et_pb_text _builder_version=&#8220;4.20.0&#8243; global_colors_info=&#8220;{}&#8220;]<\/p>\n<h2>Hallo und Wikommen bei Lothar R\u00f6wer!<\/h2>\n<p>Lothar R\u00f6wer wurde am 3. August 1952 in Osnabr\u00fcck geboren. Nach dem Schulabschluss absolvierte er eine Ausbildung zum Elektroniker mit der Fachrichtung Energie und Geb\u00e4udetechnik. 1974 legte R\u00f6wer seine Meisterpr\u00fcfung im Elektrotechniker-Handwerk ab.<\/p>\n<p>Lothar R\u00f6wer ist \u00f6ffentlich bestellter und vereidigter Sachverst\u00e4ndiger der Handwerkskammer Osnabr\u00fcck-Emsland im Elektrotechnikerhandwerk (Spezial-Gebiet: Gefahrenmeldesysteme) und VdS anerkannter Sachverst\u00e4ndiger zum Pr\u00fcfen elektrischer Anlagen nach VdS 3602 (bis Oktober 2022 \u00f6.b.u.v.).<\/p>\n<p>Mitglied des Meisterpr\u00fcfungsausschusses und Dozent f\u00fcr Gefahrenmeldetechnik der Handwerkskammer Osnabr\u00fcck-Emsland.<\/p>\n<p>Dar\u00fcber hinaus leitet Lothar R\u00f6wer seit fast f\u00fcnfzig Jahren ein erfolgreiches Unternehmen. Neben dem 1947 gegr\u00fcndeten Familienbetrieb rief er 1977 die R\u00f6wer Meldetechnik ins Leben. 2003 fusionierten beide Unternehmen zur R\u00f6wer Sicherheits- und Geb\u00e4udetechnik GmbH. Lothar R\u00f6wer leitet die GmbH als gesch\u00e4ftsf\u00fchrender Gesellschafter. Zertifizierter Sachverst\u00e4ndiger im Bereich &#8222;Brandschadensverh\u00fctung&#8220;.<\/p>\n<p>[\/et_pb_text][\/et_pb_column][\/et_pb_row][\/et_pb_section][et_pb_section fb_built=&#8220;1&#8243; _builder_version=&#8220;4.20.0&#8243; collapsed=&#8220;on&#8220; global_colors_info=&#8220;{}&#8220;][et_pb_row _builder_version=&#8220;4.20.0&#8243; global_colors_info=&#8220;{}&#8220;][et_pb_column type=&#8220;4_4&#8243; _builder_version=&#8220;4.20.0&#8243; global_colors_info=&#8220;{}&#8220;][et_pb_divider _builder_version=&#8220;4.20.0&#8243; global_colors_info=&#8220;{}&#8220;][\/et_pb_divider][\/et_pb_column][\/et_pb_row][\/et_pb_section][et_pb_section fb_built=&#8220;1&#8243; admin_label=&#8220;R\u00f6wer Sicherheits- und Geb\u00e4udetechnik&#8220; _builder_version=&#8220;4.19.5&#8243; collapsed=&#8220;on&#8220; global_colors_info=&#8220;{}&#8220;][et_pb_row _builder_version=&#8220;4.20.0&#8243; global_colors_info=&#8220;{}&#8220;][et_pb_column type=&#8220;4_4&#8243; _builder_version=&#8220;4.20.0&#8243; global_colors_info=&#8220;{}&#8220;][et_pb_text _builder_version=&#8220;4.20.0&#8243; global_colors_info=&#8220;{}&#8220;]<\/p>\n<h3 style=\"text-align: center;\">R\u00f6wer Sicherheits- und Geb\u00e4udetechnik GmbH<\/h3>\n<p style=\"text-align: center;\"><strong><em>Senior-Partner<br \/><\/em><\/strong>(von 1969 bis 2020 leitend im Unternehmen)<strong><em><br \/><\/em><\/strong><\/p>\n<p>[\/et_pb_text][\/et_pb_column][\/et_pb_row][et_pb_row column_structure=&#8220;1_2,1_2&#8243; _builder_version=&#8220;4.20.0&#8243; global_colors_info=&#8220;{}&#8220;][et_pb_column type=&#8220;1_2&#8243; _builder_version=&#8220;4.20.0&#8243; global_colors_info=&#8220;{}&#8220;][et_pb_image src=&#8220;https:\/\/www.lotharroewer.de\/wp-content\/uploads\/2023\/03\/roewer_logo.png&#8220; title_text=&#8220;roewer_logo&#8220; align=&#8220;right&#8220; _builder_version=&#8220;4.20.0&#8243; max_width=&#8220;32%&#8220; module_alignment=&#8220;right&#8220; custom_margin=&#8220;||||false|false&#8220; custom_padding=&#8220;||||false|false&#8220; global_colors_info=&#8220;{}&#8220;][\/et_pb_image][\/et_pb_column][et_pb_column type=&#8220;1_2&#8243; _builder_version=&#8220;4.20.0&#8243; global_colors_info=&#8220;{}&#8220;][et_pb_text _builder_version=&#8220;4.20.0&#8243; global_colors_info=&#8220;{}&#8220;]<\/p>\n<ul>\n<li>Geb\u00e4udetechnik<\/li>\n<li>Sicherheitstechnik<\/li>\n<li>Energietechnik<\/li>\n<\/ul>\n<p><strong><em>F\u00fcr Sie stehen wir immer unter Strom<\/em><\/strong><br \/>Individuelle L\u00f6sungen \u2013 Starke Kontrolle \u2013 Ultimative Sicherheit seit 1947<\/p>\n<p><a href=\"http:\/\/www.roewer.de\"><strong>www.roewer.de<\/strong><\/a><\/p>\n<p>[\/et_pb_text][\/et_pb_column][\/et_pb_row][\/et_pb_section][et_pb_section fb_built=&#8220;1&#8243; admin_label=&#8220;Sachverst\u00e4ndigen-Kontor&#8220; _builder_version=&#8220;4.20.0&#8243; background_color=&#8220;rgba(100,162,208,0.06)&#8220; collapsed=&#8220;on&#8220; global_colors_info=&#8220;{}&#8220;][et_pb_row _builder_version=&#8220;4.20.0&#8243; global_colors_info=&#8220;{}&#8220;][et_pb_column type=&#8220;4_4&#8243; _builder_version=&#8220;4.20.0&#8243; global_colors_info=&#8220;{}&#8220;][et_pb_text _builder_version=&#8220;4.20.0&#8243; global_colors_info=&#8220;{}&#8220;]<\/p>\n<h3 style=\"text-align: center;\">Sachverst\u00e4ndigen-Kontor<\/h3>\n<p style=\"text-align: center;\"><em><strong>Inhaber<\/strong><\/em><\/p>\n<p>[\/et_pb_text][\/et_pb_column][\/et_pb_row][et_pb_row column_structure=&#8220;1_2,1_2&#8243; _builder_version=&#8220;4.20.0&#8243; global_colors_info=&#8220;{}&#8220;][et_pb_column type=&#8220;1_2&#8243; _builder_version=&#8220;4.20.0&#8243; global_colors_info=&#8220;{}&#8220;][et_pb_image src=&#8220;https:\/\/www.lotharroewer.de\/wp-content\/uploads\/2023\/03\/VdS_Schadenverhuetung_logo250x250.png&#8220; title_text=&#8220;VdS_Schadenverhuetung_logo250x250&#8243; admin_label=&#8220;Bild&#8220; _builder_version=&#8220;4.20.0&#8243; max_width=&#8220;17%&#8220; module_alignment=&#8220;right&#8220; custom_margin=&#8220;50px||||false|false&#8220; global_colors_info=&#8220;{}&#8220;][\/et_pb_image][\/et_pb_column][et_pb_column type=&#8220;1_2&#8243; _builder_version=&#8220;4.20.0&#8243; global_colors_info=&#8220;{}&#8220;][et_pb_text _builder_version=&#8220;4.20.0&#8243; global_colors_info=&#8220;{}&#8220;]<\/p>\n<p>\u00d6ffentlich bestellter und vereidigter Sachverst\u00e4ndiger f\u00fcr Elektro- und Sicherheitstechnik (bis Oktober 2022 \u00f6ffentlich bestellt).<\/p>\n<ul>\n<li>Gutachten<\/li>\n<li>Bescheinigungen<\/li>\n<li>Brandschutz\u00fcberpr\u00fcfung<\/li>\n<li>Mediator und Schiedsgutachten<\/li>\n<\/ul>\n<p><a href=\"https:\/\/www.sachverstaendigen-kontor.de\"><strong>www.sachverstaendigen-kontor.de<\/strong><\/a><\/p>\n<p>[\/et_pb_text][\/et_pb_column][\/et_pb_row][\/et_pb_section][et_pb_section fb_built=&#8220;1&#8243; admin_label=&#8220;EltPlan&#8220; _builder_version=&#8220;4.19.5&#8243; background_color=&#8220;RGBA(255,255,255,0)&#8220; collapsed=&#8220;on&#8220; global_colors_info=&#8220;{}&#8220;][et_pb_row _builder_version=&#8220;4.20.0&#8243; global_colors_info=&#8220;{}&#8220;][et_pb_column type=&#8220;4_4&#8243; _builder_version=&#8220;4.20.0&#8243; global_colors_info=&#8220;{}&#8220;][et_pb_text _builder_version=&#8220;4.20.0&#8243; global_colors_info=&#8220;{}&#8220;]<\/p>\n<h3 style=\"text-align: center;\">EltPlan 4.0<\/h3>\n<p style=\"text-align: center;\"><em><strong>Inhaber<\/strong><\/em><\/p>\n<p>[\/et_pb_text][\/et_pb_column][\/et_pb_row][et_pb_row column_structure=&#8220;1_2,1_2&#8243; _builder_version=&#8220;4.20.0&#8243; global_colors_info=&#8220;{}&#8220;][et_pb_column type=&#8220;1_2&#8243; _builder_version=&#8220;4.20.0&#8243; global_colors_info=&#8220;{}&#8220;][et_pb_image src=&#8220;https:\/\/www.lotharroewer.de\/wp-content\/uploads\/2023\/03\/eltplan_logo1.png&#8220; title_text=&#8220;eltplan_logo1&#8243; align=&#8220;right&#8220; _builder_version=&#8220;4.20.0&#8243; max_width=&#8220;34%&#8220; global_colors_info=&#8220;{}&#8220;][\/et_pb_image][\/et_pb_column][et_pb_column type=&#8220;1_2&#8243; _builder_version=&#8220;4.20.0&#8243; global_colors_info=&#8220;{}&#8220;][et_pb_text admin_label=&#8220;Text&#8220; _builder_version=&#8220;4.20.0&#8243; global_colors_info=&#8220;{}&#8220;]<\/p>\n<ul>\n<li>TAG \u2013 Lichtplanung<\/li>\n<li>IT \u2013 Security<\/li>\n<li>KNX &#8211; Smarthome<\/li>\n<\/ul>\n<p>Projektierung \u2013 Planung &#8211; Bauleitung<\/p>\n<p>[\/et_pb_text][\/et_pb_column][\/et_pb_row][\/et_pb_section][et_pb_section fb_built=&#8220;1&#8243; admin_label=&#8220;Sek Notruf&#8220; _builder_version=&#8220;4.19.5&#8243; background_color=&#8220;#fcfcfc&#8220; collapsed=&#8220;on&#8220; global_colors_info=&#8220;{}&#8220;][et_pb_row _builder_version=&#8220;4.20.0&#8243; global_colors_info=&#8220;{}&#8220;][et_pb_column type=&#8220;4_4&#8243; _builder_version=&#8220;4.20.0&#8243; global_colors_info=&#8220;{}&#8220;][et_pb_text _builder_version=&#8220;4.20.0&#8243; global_colors_info=&#8220;{}&#8220;]<\/p>\n<h3 style=\"text-align: center;\">Mein-Notruf GmbH<\/h3>\n<p style=\"text-align: center;\"><strong><em>Gesch\u00e4ftsf\u00fchrender Gesellschafter<\/em><\/strong><\/p>\n<p>[\/et_pb_text][\/et_pb_column][\/et_pb_row][et_pb_row column_structure=&#8220;1_2,1_2&#8243; _builder_version=&#8220;4.20.0&#8243; global_colors_info=&#8220;{}&#8220;][et_pb_column type=&#8220;1_2&#8243; _builder_version=&#8220;4.20.0&#8243; global_colors_info=&#8220;{}&#8220;][et_pb_image src=&#8220;https:\/\/www.lotharroewer.de\/wp-content\/uploads\/2023\/03\/meinnotruf_logo.png&#8220; title_text=&#8220;meinnotruf_logo&#8220; align=&#8220;right&#8220; _builder_version=&#8220;4.20.0&#8243; max_width=&#8220;34%&#8220; global_colors_info=&#8220;{}&#8220;][\/et_pb_image][\/et_pb_column][et_pb_column type=&#8220;1_2&#8243; _builder_version=&#8220;4.20.0&#8243; global_colors_info=&#8220;{}&#8220;][et_pb_text admin_label=&#8220;Text&#8220; _builder_version=&#8220;4.20.0&#8243; global_colors_info=&#8220;{}&#8220;]<\/p>\n<p>&#8222;Der mobile Schutzengel&#8220;<\/p>\n<ul>\n<li>Moderne GPS Notruf-Applikation f\u00fcr iPhone und Android Smartphones<\/li>\n<li>Schneller Alarm an die Notrufzentrale 24\/7<\/li>\n<li>Schnelle Ortung ohne sprechen zu m\u00fcssen<\/li>\n<\/ul>\n<p><a href=\"https:\/\/www.mein-notruf.de\"><strong>www.mein-notruf.de<\/strong><\/a><\/p>\n<p>&nbsp;<\/p>\n<p>[\/et_pb_text][\/et_pb_column][\/et_pb_row][\/et_pb_section][et_pb_section fb_built=&#8220;1&#8243; admin_label=&#8220;TEMEXCONTROL&#8220; _builder_version=&#8220;4.19.5&#8243; collapsed=&#8220;on&#8220; global_colors_info=&#8220;{}&#8220;][et_pb_row _builder_version=&#8220;4.20.0&#8243; global_colors_info=&#8220;{}&#8220;][et_pb_column type=&#8220;4_4&#8243; _builder_version=&#8220;4.20.0&#8243; global_colors_info=&#8220;{}&#8220;][et_pb_text _builder_version=&#8220;4.20.0&#8243; global_colors_info=&#8220;{}&#8220;]<\/p>\n<h3 style=\"text-align: center;\">TEMEXCONTROL GmbH &amp; Co.KG<\/h3>\n<p style=\"text-align: center;\"><strong><em>Gesch\u00e4ftsf\u00fchrender Gesellschafter<\/em><\/strong><\/p>\n<p>[\/et_pb_text][\/et_pb_column][\/et_pb_row][et_pb_row column_structure=&#8220;1_2,1_2&#8243; _builder_version=&#8220;4.20.0&#8243; global_colors_info=&#8220;{}&#8220;][et_pb_column type=&#8220;1_2&#8243; _builder_version=&#8220;4.20.0&#8243; global_colors_info=&#8220;{}&#8220;][et_pb_image src=&#8220;https:\/\/www.lotharroewer.de\/wp-content\/uploads\/2023\/03\/temexcontrol_work.png&#8220; title_text=&#8220;temexcontrol_work&#8220; align=&#8220;right&#8220; _builder_version=&#8220;4.20.0&#8243; max_width=&#8220;50%&#8220; global_colors_info=&#8220;{}&#8220;][\/et_pb_image][\/et_pb_column][et_pb_column type=&#8220;1_2&#8243; _builder_version=&#8220;4.20.0&#8243; global_colors_info=&#8220;{}&#8220;][et_pb_text admin_label=&#8220;Text&#8220; _builder_version=&#8220;4.20.0&#8243; global_colors_info=&#8220;{}&#8220;]<\/p>\n<ul>\n<li>24-Stunden Sicherheitsservice (24\/7)<\/li>\n<li>Gepr\u00fcft: VDS-Anerkannt Zertifiziert nach DIN ISO 9001<\/li>\n<li>Doppelt sicher: Mit uns immer in Verbindung: Analog, digital und \u00fcber Funk<\/li>\n<li>Unabh\u00e4ngig: Neutral \u2013 Unsere moderne Technik umfasst alle g\u00e4ngigen Systeme<\/li>\n<li>Pers\u00f6nlich: Wir sind mit \u00fcberpr\u00fcftem Sicherheitspersonal individuell und flexibel<\/li>\n<\/ul>\n<p>&nbsp;<\/p>\n<p><a href=\"https:\/\/www.temexcontrol.com\"><strong>www.temexcontrol.com<\/strong><\/a><\/p>\n<p>[\/et_pb_text][\/et_pb_column][\/et_pb_row][\/et_pb_section][et_pb_section fb_built=&#8220;1&#8243; admin_label=&#8220;Wohnen 4&#8243; _builder_version=&#8220;4.20.0&#8243; background_color=&#8220;rgba(12,113,195,0.06)&#8220; collapsed=&#8220;on&#8220; global_colors_info=&#8220;{}&#8220;][et_pb_row _builder_version=&#8220;4.20.0&#8243; global_colors_info=&#8220;{}&#8220;][et_pb_column type=&#8220;4_4&#8243; _builder_version=&#8220;4.20.0&#8243; global_colors_info=&#8220;{}&#8220;][et_pb_text _builder_version=&#8220;4.20.0&#8243; global_colors_info=&#8220;{}&#8220;]<\/p>\n<h3 style=\"text-align: center;\">Wohnen 4.0 GmbH &amp; Co. KG<\/h3>\n<p style=\"text-align: center;\"><strong><em>Gesch\u00e4ftsf\u00fchrender Gesellschafter<\/em><\/strong><\/p>\n<p>[\/et_pb_text][\/et_pb_column][\/et_pb_row][et_pb_row column_structure=&#8220;1_2,1_2&#8243; _builder_version=&#8220;4.20.0&#8243; global_colors_info=&#8220;{}&#8220;][et_pb_column type=&#8220;1_2&#8243; _builder_version=&#8220;4.20.0&#8243; global_colors_info=&#8220;{}&#8220;][et_pb_image src=&#8220;https:\/\/www.lotharroewer.de\/wp-content\/uploads\/2023\/03\/wohnen4null2_logo.png&#8220; title_text=&#8220;wohnen4null2_logo&#8220; align=&#8220;right&#8220; _builder_version=&#8220;4.20.0&#8243; max_width=&#8220;34%&#8220; global_colors_info=&#8220;{}&#8220;][\/et_pb_image][\/et_pb_column][et_pb_column type=&#8220;1_2&#8243; _builder_version=&#8220;4.20.0&#8243; global_colors_info=&#8220;{}&#8220;][et_pb_text _builder_version=&#8220;4.19.5&#8243; global_colors_info=&#8220;{}&#8220;]<\/p>\n<p>&nbsp;<\/p>\n<ul>\n<li>Projektentwicklung<\/li>\n<li>Baumanagement<\/li>\n<li>Interieur-Design<\/li>\n<\/ul>\n<p>[\/et_pb_text][\/et_pb_column][\/et_pb_row][\/et_pb_section][et_pb_section fb_built=&#8220;1&#8243; admin_label=&#8220;Wenge&#8220; _builder_version=&#8220;4.20.1&#8243; background_color=&#8220;rgba(150,208,197,0.07)&#8220; collapsed=&#8220;on&#8220; global_colors_info=&#8220;{}&#8220;][et_pb_row _builder_version=&#8220;4.20.0&#8243; global_colors_info=&#8220;{}&#8220;][et_pb_column type=&#8220;4_4&#8243; _builder_version=&#8220;4.20.0&#8243; global_colors_info=&#8220;{}&#8220;][et_pb_text _builder_version=&#8220;4.20.0&#8243; global_colors_info=&#8220;{}&#8220;]<\/p>\n<h3 style=\"text-align: center;\">Wenge-OS e.G.<\/h3>\n<p style=\"text-align: center;\"><strong><em>Aufsichtsratvorsitzender<\/em><\/strong><\/p>\n<p>[\/et_pb_text][\/et_pb_column][\/et_pb_row][et_pb_row column_structure=&#8220;1_2,1_2&#8243; _builder_version=&#8220;4.20.0&#8243; global_colors_info=&#8220;{}&#8220;][et_pb_column type=&#8220;1_2&#8243; _builder_version=&#8220;4.20.0&#8243; global_colors_info=&#8220;{}&#8220;][et_pb_image src=&#8220;https:\/\/www.lotharroewer.de\/wp-content\/uploads\/2023\/03\/wenge-os_logo2.png&#8220; title_text=&#8220;wenge-os_logo2&#8243; align=&#8220;right&#8220; _builder_version=&#8220;4.20.0&#8243; max_width=&#8220;48%&#8220; global_colors_info=&#8220;{}&#8220;][\/et_pb_image][\/et_pb_column][et_pb_column type=&#8220;1_2&#8243; _builder_version=&#8220;4.20.0&#8243; global_colors_info=&#8220;{}&#8220;][et_pb_text _builder_version=&#8220;4.20.0&#8243; global_colors_info=&#8220;{}&#8220;]<\/p>\n<ul>\n<li>\n<p>Entwicklung, Planung, Errichtung und Betrieb eines innovativen Wohnkonzeptes im Landwehrviertel<\/p>\n<\/li>\n<li>\n<p>Energieeffizientes Wohnen<\/p>\n<\/li>\n<li>\n<p>Sozial und \u00f6kologisch<\/p>\n<\/li>\n<li>\n<p>Mehr-Generationen-Konzept<\/p>\n<\/li>\n<\/ul>\n<p><a href=\"http:\/\/www.wenge-os.de\"><strong>www.wenge-os.de<\/strong><\/a><\/p>\n<p>[\/et_pb_text][\/et_pb_column][\/et_pb_row][\/et_pb_section][et_pb_section fb_built=&#8220;1&#8243; admin_label=&#8220;Wohnen + Werte&#8220; _builder_version=&#8220;4.19.5&#8243; collapsed=&#8220;on&#8220; global_colors_info=&#8220;{}&#8220;][et_pb_row _builder_version=&#8220;4.20.0&#8243; global_colors_info=&#8220;{}&#8220;][et_pb_column type=&#8220;4_4&#8243; _builder_version=&#8220;4.20.0&#8243; global_colors_info=&#8220;{}&#8220;][et_pb_text _builder_version=&#8220;4.20.0&#8243; global_colors_info=&#8220;{}&#8220;]<\/p>\n<h2 style=\"text-align: center;\">Wohnen &amp; Werte Immobilien<\/h2>\n<p style=\"text-align: center;\"><strong><em>Senior-Agent<\/em><\/strong><\/p>\n<p>[\/et_pb_text][\/et_pb_column][\/et_pb_row][et_pb_row column_structure=&#8220;1_2,1_2&#8243; _builder_version=&#8220;4.20.0&#8243; global_colors_info=&#8220;{}&#8220;][et_pb_column type=&#8220;1_2&#8243; _builder_version=&#8220;4.20.0&#8243; global_colors_info=&#8220;{}&#8220;][et_pb_image src=&#8220;https:\/\/www.lotharroewer.de\/wp-content\/uploads\/2023\/03\/wohnen_werte_logo2.png&#8220; title_text=&#8220;wohnen_werte_logo2&#8243; align=&#8220;right&#8220; _builder_version=&#8220;4.20.0&#8243; max_width=&#8220;52%&#8220; custom_margin=&#8220;16px||||false|false&#8220; global_colors_info=&#8220;{}&#8220;][\/et_pb_image][\/et_pb_column][et_pb_column type=&#8220;1_2&#8243; _builder_version=&#8220;4.20.0&#8243; global_colors_info=&#8220;{}&#8220;][et_pb_text _builder_version=&#8220;4.20.0&#8243; global_colors_info=&#8220;{}&#8220;]<\/p>\n<ul>\n<li><strong><em>\u00a0<\/em><\/strong>Vermittlung von Gewerbe- und Privatimmobilien<\/li>\n<li>Verwaltung und Facility-Management<\/li>\n<li>Pers\u00f6nlich<\/li>\n<li>Partnerschaftlich<\/li>\n<li>Professionell<\/li>\n<\/ul>\n<p>[\/et_pb_text][\/et_pb_column][\/et_pb_row][\/et_pb_section]<\/p>\n","protected":false},"excerpt":{"rendered":"<p>Lothar R\u00f6wer Zeppelinstra\u00dfe 1249076 Osnabr\u00fcck+49 173 1397111Deutschland www.lotharroewer.delothar-roewer@roewer.deHallo und Wikommen bei Lothar R\u00f6wer! Lothar R\u00f6wer wurde am 3. August 1952 in Osnabr\u00fcck geboren. Nach dem Schulabschluss absolvierte er eine Ausbildung zum Elektroniker mit der Fachrichtung Energie und Geb\u00e4udetechnik. 1974 legte R\u00f6wer seine Meisterpr\u00fcfung im Elektrotechniker-Handwerk ab. Lothar R\u00f6wer ist \u00f6ffentlich bestellter und vereidigter Sachverst\u00e4ndiger der [&hellip;]<\/p>\n","protected":false},"author":1,"featured_media":0,"parent":0,"menu_order":0,"comment_status":"closed","ping_status":"closed","template":"","meta":{"_et_pb_use_builder":"on","_et_pb_old_content":"","_et_gb_content_width":"","footnotes":""},"class_list":["post-10","page","type-page","status-publish","hentry"],"_links":{"self":[{"href":"https:\/\/www.lotharroewer.de\/index.php?rest_route=\/wp\/v2\/pages\/10","targetHints":{"allow":["GET"]}}],"collection":[{"href":"https:\/\/www.lotharroewer.de\/index.php?rest_route=\/wp\/v2\/pages"}],"about":[{"href":"https:\/\/www.lotharroewer.de\/index.php?rest_route=\/wp\/v2\/types\/page"}],"author":[{"embeddable":true,"href":"https:\/\/www.lotharroewer.de\/index.php?rest_route=\/wp\/v2\/users\/1"}],"replies":[{"embeddable":true,"href":"https:\/\/www.lotharroewer.de\/index.php?rest_route=%2Fwp%2Fv2%2Fcomments&post=10"}],"version-history":[{"count":9,"href":"https:\/\/www.lotharroewer.de\/index.php?rest_route=\/wp\/v2\/pages\/10\/revisions"}],"predecessor-version":[{"id":48,"href":"https:\/\/www.lotharroewer.de\/index.php?rest_route=\/wp\/v2\/pages\/10\/revisions\/48"}],"wp:attachment":[{"href":"https:\/\/www.lotharroewer.de\/index.php?rest_route=%2Fwp%2Fv2%2Fmedia&parent=10"}],"curies":[{"name":"wp","href":"https:\/\/api.w.org\/{rel}","templated":true}]}}